{"id":1810,"date":"2024-03-11T11:43:21","date_gmt":"2024-03-11T10:43:21","guid":{"rendered":"https:\/\/faustinum.it\/?page_id=1810"},"modified":"2024-03-11T11:45:50","modified_gmt":"2024-03-11T10:45:50","slug":"affidarsi-alla-divina-misericordia-durante-la-prova-testimonianze","status":"publish","type":"page","link":"https:\/\/faustinum.it\/?page_id=1810","title":{"rendered":"Affidarsi alla Divina Misericordia durante la prova \u2013 Testimonianze"},"content":{"rendered":"\t\t<div data-elementor-type=\"wp-page\" data-elementor-id=\"1810\" class=\"elementor elementor-1810\" data-elementor-post-type=\"page\">\n\t\t\t\t<div class=\"elementor-element elementor-element-9e9eb3c e-flex e-con-boxed e-con e-parent\" data-id=\"9e9eb3c\" data-element_type=\"container\" data-e-type=\"container\">\n\t\t\t\t\t<div class=\"e-con-inner\">\n\t\t\t\t<div class=\"elementor-element elementor-element-aa5b357 elementor-widget elementor-widget-text-editor\" data-id=\"aa5b357\" data-element_type=\"widget\" data-e-type=\"widget\" data-widget_type=\"text-editor.default\">\n\t\t\t\t<div class=\"elementor-widget-container\">\n\t\t\t\t\t\t\t\t\t<section class=\"elementor-section elementor-top-section elementor-element elementor-element-ea98cd6 elementor-section-boxed elementor-section-height-default elementor-section-height-default\" data-id=\"ea98cd6\" data-element_type=\"section\"><div class=\"elementor-container elementor-column-gap-default\"><div class=\"elementor-column elementor-col-100 elementor-top-column elementor-element elementor-element-3902e16\" data-id=\"3902e16\" data-element_type=\"column\"><div class=\"elementor-widget-wrap elementor-element-populated\"><div class=\"elementor-element elementor-element-4907d51 elementor-widget elementor-widget-text-editor\" data-id=\"4907d51\" data-element_type=\"widget\" data-widget_type=\"text-editor.default\"><div class=\"elementor-widget-container\"><p><strong>Camillo:<\/strong> Volevo ringraziare in maniera speciale Dio, e tutte voi, per questo cammino di grazia e santit\u00e0 in cui mi sono sentito preso per mano e condotto, per tutto il mese di maggio. Non c\u2019\u00e8 stato giorno in cui, nell\u2019ascoltare queste meditazioni e preghiere, io non mi sia sentito unito a Dio. Ringrazio Maria, per la Sua presenza, la Sua continua protezione e tutto il Suo amore che ha riversato nel mio Cuore. Sentire il battito del Suo Cuore Immacolato palpitare all\u2019unisono col mio, ha riempito di gioia ogni istante le mie giornate.<span class=\"Apple-converted-space\">\u00a0<\/span><\/p><p>E come se Dio, col Suo Spirito Santo, avesse plasmato la mia vita, la mia anima, il mio corpo, i miei pensieri e i miei affetti, tutto risplendeva di Grazia Divina e Infinita. La presenza di Ges\u00f9 Misericordioso, con le parole di Santa Faustina nei versetti del Diario, mi hanno insegnato, e fortificato, nell\u2019abbandono totale alla volont\u00e0 di Dio. Quanto ho desiderato che ogni anima potesse ascoltare e vivere tutto ci\u00f2 che ho vissuto io, in questo mese di Maggio dedicato a Maria, sono certo che Ges\u00f9 ha toccato profondamente, non solo il mio cuore, ma sar\u00e0 intervenuto anche sui cuori di chi mi ha affidato, a cui ho pensato e che ho a Lui affidato.<span class=\"Apple-converted-space\">\u00a0<\/span><\/p><p>Ringrazio tutta la Congregazione della Beata Vergine Maria della Misericordia, in particolare tutte le Sorelle dell\u2019Associazione Faustinum, per tutto il lavoro che hanno fatto per ognuno di noi. E\u2019 stato stupendo camminare con tutte voi.<span class=\"Apple-converted-space\">\u00a0<\/span><\/p><p>Non saprei raccontare n\u00e9 descrivere tutte le grazie ricevute nella mia anima e nella mia vita, perch\u00e8 non sono in grado di farlo, un giorno Dio di certo me le mostrer\u00e0 e le mostrer\u00e0 anche a voi per questo cammino di Grazia, in cui ci state accompagnando, verso l\u2019aspirata Santit\u00e0.<span class=\"Apple-converted-space\">\u00a0<\/span><\/p><p>Dio Misericordioso, ascolti i desideri dei vostri cuori e vi riempia di ogni Grazia, vi doni sempre la Forza e le Ispirazioni dello Spirito Santo per Guidarci a vivere alla Sua Presenza per l\u2019Eternit\u00e0.<span class=\"Apple-converted-space\">\u00a0<\/span><\/p><\/div><\/div><\/div><\/div><\/div><\/section><section class=\"elementor-section elementor-top-section elementor-element elementor-element-0fc0a5f elementor-section-boxed elementor-section-height-default elementor-section-height-default\" data-id=\"0fc0a5f\" data-element_type=\"section\"><div class=\"elementor-container elementor-column-gap-default\"><div class=\"elementor-column elementor-col-100 elementor-top-column elementor-element elementor-element-89a3d7a\" data-id=\"89a3d7a\" data-element_type=\"column\"><div class=\"elementor-widget-wrap elementor-element-populated\"><div class=\"elementor-element elementor-element-91ef306 elementor-widget elementor-widget-text-editor\" data-id=\"91ef306\" data-element_type=\"widget\" data-widget_type=\"text-editor.default\"><div class=\"elementor-widget-container\"><p><strong>Marina Mazzoli:<\/strong> \u00c8 passato quasi un mese. Non me ne sono neppure accorta\u2026 mi sembra ieri di avere iniziato le mie giornate con con questo cammino di affidamento.<\/p><p>Ci avete donato messaggi<span class=\"Apple-converted-space\">\u00a0 <\/span>ricchi di riflessioni che ho desiderato appuntare su un quaderno ogni giorno perch\u00e9 rimanessero nel mio cuore durante la giornata.<\/p><p>Ho condiviso i vostri video con i miei amici pi\u00f9 cari.<\/p><p>Hanno tutti avuto un grande conforto, avete donato loro una parentesi di serenit\u00e0 e di sostegno.<\/p><p>Avete dato fiducia a una mia amica durante il suo ultimo mese di chemioterapia in ospedale, e a noi tutti<span class=\"Apple-converted-space\">\u00a0 <\/span>con i nostri diversi problemi in questo difficile periodo.<\/p><p>Grazie di cuore!\u00a0Ges\u00f9 confido in Te!<\/p><\/div><\/div><\/div><\/div><\/div><\/section><section class=\"elementor-section elementor-top-section elementor-element elementor-element-3321a7b elementor-section-boxed elementor-section-height-default elementor-section-height-default\" data-id=\"3321a7b\" data-element_type=\"section\"><div class=\"elementor-container elementor-column-gap-default\"><div class=\"elementor-column elementor-col-100 elementor-top-column elementor-element elementor-element-19af569\" data-id=\"19af569\" data-element_type=\"column\"><div class=\"elementor-widget-wrap elementor-element-populated\"><div class=\"elementor-element elementor-element-1ee65e1 elementor-widget elementor-widget-text-editor\" data-id=\"1ee65e1\" data-element_type=\"widget\" data-widget_type=\"text-editor.default\"><div class=\"elementor-widget-container\"><p><strong>Bjoern<\/strong>: \u00c8 stato un aiuto emozionante e profondo.<span class=\"Apple-converted-space\">\u00a0\u00a0<\/span>Grazie di cuore!<\/p><p>\u00a0<\/p><\/div><\/div><\/div><\/div><\/div><\/section><section class=\"elementor-section elementor-top-section elementor-element elementor-element-859d17b elementor-section-boxed elementor-section-height-default elementor-section-height-default\" data-id=\"859d17b\" data-element_type=\"section\"><div class=\"elementor-container elementor-column-gap-default\"><div class=\"elementor-column elementor-col-100 elementor-top-column elementor-element elementor-element-2ef2338\" data-id=\"2ef2338\" data-element_type=\"column\"><div class=\"elementor-widget-wrap elementor-element-populated\"><div class=\"elementor-element elementor-element-7838938 elementor-widget elementor-widget-text-editor\" data-id=\"7838938\" data-element_type=\"widget\" data-widget_type=\"text-editor.default\"><div class=\"elementor-widget-container\"><p><strong>Elisa:<\/strong><\/p><p>Carissimi<\/p><p>Ringrazio per questa stupenda iniziativa. Ogni mattina e per tutto il mese di maggio, non ho mai perdo questi momenti di meditazione. Ogni incontro e6stato una carezza al cuore.<span class=\"Apple-converted-space\">\u00a0<\/span>Quanto grande \u00e8 l\u2019amore di Dio e quanto poco lo ricambio, concentrata su me stessa e sul mio egoismo. Lui sa, ancora prima che io chieda. In un momento di grande sconforto e fatica Lui, misericordia infinita, mi dona ci\u00f2 di cui ho bisogno anche se, per il mio comportamento, non ne ero degna: un lavoro, temporaneo, ma tornano la fiducia e la speranza. Inoltre ha messo sul mio cammino Fabio, un uomo con un passato avvolto nelle tenebre e nel peccato. Che io possa gettare un seme per la sua conversione, affinch\u00e9 possa camminare nella luce e salvarsi.\u00a0Questo mese, attraverso questi video, ho sentito come si prega col cuore, come si prega con parola d\u2019amore.<span class=\"Apple-converted-space\">\u00a0\u00a0<\/span>Oggi, giorno di Pentecoste,<span class=\"Apple-converted-space\">\u00a0 <\/span>mi affido alla sua misericordia e chiedo la forza dello Spirito Santo,<span class=\"Apple-converted-space\">\u00a0 <\/span>che possa guidare le mie giornate e la mia vita portando del bene e dell\u2019amore agli altri.<\/p><p>Ges\u00f9 confido in te, Maria mi affido a te.\u00a0Grazie<\/p><\/div><\/div><\/div><\/div><\/div><\/section><section class=\"elementor-section elementor-top-section elementor-element elementor-element-fcffcc3 elementor-section-boxed elementor-section-height-default elementor-section-height-default\" data-id=\"fcffcc3\" data-element_type=\"section\"><div class=\"elementor-container elementor-column-gap-default\"><div class=\"elementor-column elementor-col-100 elementor-top-column elementor-element elementor-element-327c175\" data-id=\"327c175\" data-element_type=\"column\"><div class=\"elementor-widget-wrap elementor-element-populated\"><div class=\"elementor-element elementor-element-d08729d elementor-widget elementor-widget-text-editor\" data-id=\"d08729d\" data-element_type=\"widget\" data-widget_type=\"text-editor.default\"><div class=\"elementor-widget-container\"><p><strong>Don Lorenzo Barbay:<\/strong>\u00a0<\/p><p>Questo mese di maggio \u00e8 stato proprio speciale . \u00c8 stato una grazia iniziare la giornata con questa meditazione \u2013 preghiera quotidiana<span class=\"Apple-converted-space\">\u00a0 <\/span>. Personalmente sono ancora molto novizio nella conoscenza del Diario e della Spiritualit\u00e0 di Santa Suor Faustina e questa selezione quotidiana di potenzialit\u00e0 della nostra vita personale da affidare e consacrare a Dio per le mani di Maria mi sono tanto piaciute ! Sono una persona con diversi problemi di salute e sono rimasto toccato da due giorni quelli dell\u2019 offerta del proprio corpo e della offerta delle proprie sofferenze. Posso dire che ogni giorno ho imparato qualcosa di nuovo al livello spirituale ma questi due giorni in particolare mi hanno dato un reale aiuto . Ringrazio il Signore per quello che ci ha dato con Santa Suor Faustina e ringrazio di cuore Suor Emanuela e la Congregazione per questo ricco insegnamento spirituale che hanno voluto regalarci ! Ringrazio anche chi ha lavorato alle traduzioni nella lingua di Dante e di Manzoni . Ges\u00f9 confido in Te , Maria mi affido a Te!<\/p><\/div><\/div><\/div><\/div><\/div><\/section><section class=\"elementor-section elementor-top-section elementor-element elementor-element-130d802 elementor-section-boxed elementor-section-height-default elementor-section-height-default\" data-id=\"130d802\" data-element_type=\"section\"><div class=\"elementor-container elementor-column-gap-default\"><div class=\"elementor-column elementor-col-100 elementor-top-column elementor-element elementor-element-ee97c95\" data-id=\"ee97c95\" data-element_type=\"column\"><div class=\"elementor-widget-wrap elementor-element-populated\"><div class=\"elementor-element elementor-element-ae32bf3 elementor-widget elementor-widget-text-editor\" data-id=\"ae32bf3\" data-element_type=\"widget\" data-widget_type=\"text-editor.default\"><div class=\"elementor-widget-container\"><p><strong>Loredana Livecchi:<\/strong><\/p><p>Volevo render lode allo Spirito Santo per voi ,preziosissime sorelle della Congregazione di S. Faustina,in particolare per coloro che hanno realizzato le meditazioni e le preghiere che ci hanno guidato quotidianamente durante questo mese Mariano.\u00a0Allo stesso modo in cui una goccia dopo l altra buca la dura roccia ,cos\u00ec le parole ascoltate sono penetrate nel mio cuore ed hanno lasciato un segno.\u00a0Semplicemente perfette le associazioni tra le letture,tratte dal Vangelo,i versetti del diario di S.Faustina e le vostre meditazioni.\u00a0In questi giorni ho realizzato e compreso le gioie, le sofferenze e le paure provate in vita da Maria Santissima .Ho avuto modo di riflettere sull\u2019 essenza del messaggio di Misericordia,sui disegni del Signore per ciascuno di noi e di quanto sia importante il nostro s\u00ec.\u00a0Desidero che Maria Santissima diventi per me un modello da seguire. Desidero che ogni parola ascoltata diventi parte del mio essere e affinch\u00e8 io interiorizzi tutto quanto, il mio proposito \u00e8 quello di ripercorrere questo cammino appena terminato, anche nel mese di giugno per poi riprenderlo ancora e poi ancora.<\/p><p>Grazie di cuore per il vostro impegno e per avermi fatto avanzare nel cammino di fede, \u00e8 stato piacevolissimo lasciarmi condurre da voi e sperimentare l abbandono dei pensieri a favore della pace dell\u2019 anima, una meravigliosa sensazione che ho potuto gustare durante l ascolto.\u00a0Il mio spirito ha gradito e vi ringrazia.<\/p><p>Dio Padre, Dio Figlio e Dio Spirito Santo vi benedicano per l\u2019 Eternit\u00e0.<\/p><\/div><\/div><\/div><\/div><\/div><\/section><section class=\"elementor-section elementor-top-section elementor-element elementor-element-1a2a1f7 elementor-section-boxed elementor-section-height-default elementor-section-height-default\" data-id=\"1a2a1f7\" data-element_type=\"section\"><div class=\"elementor-container elementor-column-gap-default\"><div class=\"elementor-column elementor-col-100 elementor-top-column elementor-element elementor-element-8744d92\" data-id=\"8744d92\" data-element_type=\"column\"><div class=\"elementor-widget-wrap elementor-element-populated\"><div class=\"elementor-element elementor-element-336caa0 elementor-widget elementor-widget-text-editor\" data-id=\"336caa0\" data-element_type=\"widget\" data-widget_type=\"text-editor.default\"><div class=\"elementor-widget-container\"><p><strong>Arturo:<\/strong><\/p><p>Dopo aver ascoltato con interesse tutta la novena con la lettura del libro di Santa Faustina e aver pregato giornalmente con Voi lo Spirito Santo non potevamo non fare delle riflessioni.<\/p><p>Tutti noi siamo amati da Dio che \u00e8 nostro Creatore e Padre che ci conosce sin dal nostro concepimento e come dice il Salmo 139: \u00abSei tu che hai formato i miei reni e mi hai tessuto nel<span class=\"Apple-converted-space\">\u00a0 <\/span>grembo di mia madre\u00bb.<\/p><p>Sin dalla nostra nascita, con il battesimo, ci vengono presentate dalla vita due strade, una bella e dritta, tutta in piano e asfaltata che ti invita al cammino, l\u2019altra \u00e8 in salita verso il monte e piena di ostacoli, ma ha certamente la visione della vetta finale dove c\u2019\u00e8 la Croce, a noi la scelta finale.<\/p><p>Molto spesso l\u2019uomo \u00e8 tentato di prendere la strada sbagliata, ma c\u2019\u00e8 l\u2019Angelo Custode che ci avverte e ci chiede di cambiare strada, lo Spirito Santo ci aiuta nel cammino di conversione e la Misericordia di Dio che ci perdona con amore attraverso l\u2019atto della Riconciliazione.<\/p><p>Noi scegliendo la strada pi\u00f9 disastrata, all\u2019apparenza, ma con la preghiera, troviamo che gli ostacoli diventano grazie che il Signore ci elargisce.<\/p><p>Dobbiamo sempre pregare e offrire tutte le nostre azioni al Signore per essere aiutati.<\/p><p>Nel momento della prova e del dolore corporale e personale, abbiamo costatato che \u00e8 difficile pregare.<\/p><p>Bisogna pregare particolarmente quando si sta bene, nel momento del dolore bisogna fare un atto di affidamento a Maria, nostra divina e celeste Madre, che pi\u00f9 di tutti sa cosa vuol dire provare su di se il dolore.<\/p><p>O Maria,<span class=\"Apple-converted-space\">\u00a0<br \/><\/span>tu che sei figlia e Madre di Dio,<br \/>abbi piet\u00e0 di noi poveri peccatori.<br \/>Tu che conosci il dolore,<br \/>aiutaci a sopportare con fiducia<br \/>e fede il nostro.<span class=\"Apple-converted-space\">\u00a0<br \/><\/span>Dacci la forza di offrire a Ges\u00f9,<br \/>le nostre sofferenze,<br \/>cos\u00ec come Lui le ha sofferte<span class=\"Apple-converted-space\">\u00a0<br \/><\/span>per noi sulla Croce.<br \/>Fa, che con le sue braccia aperte,<br \/>ci accolga nell\u2019ora della prova.<br \/>Nell\u2019ora della sua morte, Ges\u00f9<br \/>ci affid\u00f2 a te con amore e da allora,<br \/>tu, o Madre Santissima<br \/>sei sempre stata la nostra<span class=\"Apple-converted-space\">\u00a0<br \/><\/span>Regina e Madre.<br \/>Portaci con il tuo amore di Madre<br \/>alla Misericordia di tuo figlio Ges\u00f9,<br \/>e con Ges\u00f9 al nostro Padre:<br \/>Aiutaci nell\u2019ora della morte,<br \/>strappa dalle mani del maligno<br \/>le nostre anime.<br \/>Facci godere in eterno<br \/>Le gioie del Paradiso.<br \/>Amen<\/p><\/div><\/div><\/div><\/div><\/div><\/section>\t\t\t\t\t\t\t\t<\/div>\n\t\t\t\t<\/div>\n\t\t\t\t\t<\/div>\n\t\t\t\t<\/div>\n\t\t\t\t<\/div>\n\t\t","protected":false},"excerpt":{"rendered":"<p>Camillo: Volevo ringraziare in maniera speciale Dio, e tutte voi, per questo cammino di grazia e santit\u00e0 in cui mi&#8230;<\/p>\n","protected":false},"author":3,"featured_media":0,"parent":0,"menu_order":0,"comment_status":"closed","ping_status":"closed","template":"page-full_width.php","meta":{"_exactmetrics_skip_tracking":false,"_exactmetrics_sitenote_active":false,"_exactmetrics_sitenote_note":"","_exactmetrics_sitenote_category":0,"footnotes":""},"class_list":["post-1810","page","type-page","status-publish","hentry"],"_links":{"self":[{"href":"https:\/\/faustinum.it\/index.php?rest_route=\/wp\/v2\/pages\/1810","targetHints":{"allow":["GET"]}}],"collection":[{"href":"https:\/\/faustinum.it\/index.php?rest_route=\/wp\/v2\/pages"}],"about":[{"href":"https:\/\/faustinum.it\/index.php?rest_route=\/wp\/v2\/types\/page"}],"author":[{"embeddable":true,"href":"https:\/\/faustinum.it\/index.php?rest_route=\/wp\/v2\/users\/3"}],"replies":[{"embeddable":true,"href":"https:\/\/faustinum.it\/index.php?rest_route=%2Fwp%2Fv2%2Fcomments&post=1810"}],"version-history":[{"count":0,"href":"https:\/\/faustinum.it\/index.php?rest_route=\/wp\/v2\/pages\/1810\/revisions"}],"wp:attachment":[{"href":"https:\/\/faustinum.it\/index.php?rest_route=%2Fwp%2Fv2%2Fmedia&parent=1810"}],"curies":[{"name":"wp","href":"https:\/\/api.w.org\/{rel}","templated":true}]}}